{"id":834,"date":"2025-02-13T01:32:58","date_gmt":"2025-02-13T01:32:58","guid":{"rendered":"https:\/\/lawbetween.com\/about-us\/"},"modified":"2025-04-09T03:48:48","modified_gmt":"2025-04-09T03:48:48","slug":"chi-siamo","status":"publish","type":"page","link":"https:\/\/lawbetween.com\/it\/chi-siamo\/","title":{"rendered":"Chi siamo"},"content":{"rendered":"<div class=\"wp-block-uagb-container uagb-block-b7d9dbc5 alignfull uagb-is-root-container\"><div class=\"uagb-container-inner-blocks-wrap\">\n<div class=\"wp-block-uagb-info-box uagb-block-648a2585 uagb-infobox__content-wrap  uagb-infobox-icon-above-title uagb-infobox-image-valign-top\"><div class=\"uagb-ifb-content\"><div class=\"uagb-ifb-title-wrap\"><div class=\"uagb-ifb-separator\"><\/div><h1 class=\"uagb-ifb-title\">Per saperne di pi\u00f9 <br>Studio legale Guangya<\/h1><\/div><\/div><\/div>\n<\/div><\/div>\n\n\n\n<div class=\"wp-block-uagb-container uagb-block-13a75f80 alignfull uagb-is-root-container\"><div class=\"uagb-container-inner-blocks-wrap\">\n<div class=\"wp-block-uagb-info-box uagb-block-1de62129 uagb-infobox__content-wrap  uagb-infobox-icon-above-title uagb-infobox-image-valign-top wp-block-uagb-info-box--has-margin popmake-2466\"><div class=\"uagb-infobox-margin-wrapper\"><div class=\"uagb-ifb-content\"><div class=\"uagb-ifb-title-wrap\"><div class=\"uagb-ifb-separator\"><\/div><h2 class=\"uagb-ifb-title\">Chi siamo<\/h2><\/div><p class=\"uagb-ifb-desc\">Lo Studio Legale Guangya vanta un team di professionisti cinesi con una vasta esperienza in tutti gli aspetti del panorama legale commerciale cinese. Il nostro studio \u00e8 pronto ad assistere i clienti che si trovano ad affrontare controversie commerciali o a gestire questioni complesse come i casi di frode ai fornitori nel mercato cinese.<br><\/p><div class=\"uagb-ifb-button-wrapper wp-block-button\"><a href=\"#\" class=\"uagb-infobox-cta-link wp-block-button__link\" target=\"_self\" rel=\"noopener noreferrer\" onclick=\"return false;\"><span class=\"uagb-inline-editing\">Raccontaci il tuo caso<\/span><\/a><\/div><\/div><\/div><\/div>\n\n\n\n<div class=\"wp-block-uagb-container uagb-block-273861b9\">\n<div class=\"wp-block-uagb-container uagb-block-8eaea119\">\n<figure class=\"wp-block-video\"><video autoplay controls src=\"https:\/\/lawbetween.com\/wp-content\/uploads\/2025\/02\/china-lawyer.mp4\"><\/video><\/figure>\n<\/div>\n<\/div>\n<\/div><\/div>\n\n\n\n<div class=\"wp-block-uagb-container uagb-block-6f28a5b9 alignfull uagb-is-root-container\"><div class=\"uagb-container-inner-blocks-wrap\">\n<div class=\"wp-block-uagb-info-box uagb-block-754f5d5d uagb-infobox__content-wrap  uagb-infobox-icon-above-title uagb-infobox-image-valign-top wp-block-uagb-info-box--has-margin\"><div class=\"uagb-infobox-margin-wrapper\"><div class=\"uagb-ifb-content\"><div class=\"uagb-ifb-title-wrap\"><div class=\"uagb-ifb-separator\"><\/div><h2 class=\"uagb-ifb-title\">Costi di contenzioso\/arbitrato<\/h2><\/div><p class=\"uagb-ifb-desc\">Per conoscere il costo di un contenzioso\/arbitrato in Cina<\/p><\/div><\/div><\/div>\n\n\n\n<div class=\"wp-block-group is-vertical is-layout-flex wp-container-core-group-is-layout-fe9cc265 wp-block-group-is-layout-flex\">\n<p><strong>Spese legali<br><\/strong><br>Forniamo le seguenti modalit\u00e0 di agenzia:<br><strong>Agenzia generale<\/strong>: Pagamento una tantum, organizzato fino alla risoluzione del caso<br><strong>Agenzia di rischio<\/strong>: Il pagamento anticipato \u00e8 di piccola entit\u00e0, mentre la parte restante sar\u00e0 addebitata in base alla proporzione del pagamento riscosso dalla controparte.<\/p>\n\n\n\n<p><strong>Costi del contenzioso<br><\/strong><br>Includere le spese di accettazione del caso, le spese per la domanda e le spese di conservazione.<br>- Commissione di accettazione del caso: da 0,5% a 2,5% dell'importo dell'oggetto (maggiore \u00e8 l'importo target, minore \u00e8 il rapporto di addebito).<br>- Spese di conservazione: Circa 0,5% - 1% dell'importo target, con un tetto massimo di $720.<\/p>\n\n\n\n<p><strong>Spese di arbitrato<br><\/strong><br>Generalmente pi\u00f9 alte delle spese di contenzioso, le spese per i casi di arbitrato internazionale possono essere consultate sui siti web ufficiali dei vari comitati arbitrali internazionali.<\/p>\n<\/div>\n\n\n\n<div class=\"wp-block-uagb-info-box uagb-block-4132d079 uagb-infobox__content-wrap  uagb-infobox-icon-above-title uagb-infobox-image-valign-top wp-block-uagb-info-box--has-margin\"><div class=\"uagb-infobox-margin-wrapper\"><div class=\"uagb-ifb-content\"><div class=\"uagb-ifb-title-wrap\"><div class=\"uagb-ifb-separator\"><\/div><h2 class=\"uagb-ifb-title\">Associazioni e appartenenze<\/h2><\/div><p class=\"uagb-ifb-desc\">Alcuni dei nostri clienti e partner.<\/p><\/div><\/div><\/div>\n\n\n\n<div class=\"wp-block-uagb-container uagb-layout-flex uagb-block-ce229897\">\n<div class=\"wp-block-uagb-image aligncenter uagb-block-f2ecac96 wp-block-uagb-image--layout-default wp-block-uagb-image--effect-static wp-block-uagb-image--align-center\"><figure class=\"wp-block-uagb-image__figure\"><img decoding=\"async\" srcset=\"https:\/\/lawbetween.com\/wp-content\/uploads\/2025\/03\/jituanxiexin.svg ,https:\/\/lawbetween.com\/wp-content\/uploads\/2025\/03\/jituanxiexin.svg 780w, https:\/\/lawbetween.com\/wp-content\/uploads\/2025\/03\/jituanxiexin.svg 360w\" sizes=\"auto, (max-width: 480px) 150px\" src=\"https:\/\/lawbetween.com\/wp-content\/uploads\/2025\/03\/jituanxiexin.svg\" alt=\"\" class=\"uag-image-2407\" width=\"162\" height=\"90\" title=\"jituanxiexin\" loading=\"lazy\" role=\"img\"\/><\/figure><\/div>\n\n\n\n<div class=\"wp-block-uagb-image aligncenter uagb-block-e892d15d wp-block-uagb-image--layout-default wp-block-uagb-image--effect-static wp-block-uagb-image--align-center\"><figure class=\"wp-block-uagb-image__figure\"><img decoding=\"async\" srcset=\"https:\/\/lawbetween.com\/wp-content\/uploads\/2025\/03\/logo.svg ,https:\/\/lawbetween.com\/wp-content\/uploads\/2025\/03\/logo.svg 780w, https:\/\/lawbetween.com\/wp-content\/uploads\/2025\/03\/logo.svg 360w\" sizes=\"auto, (max-width: 480px) 150px\" src=\"https:\/\/lawbetween.com\/wp-content\/uploads\/2025\/03\/logo.svg\" alt=\"\" class=\"uag-image-2408\" width=\"161\" height=\"95\" title=\"logo\" loading=\"lazy\" role=\"img\"\/><\/figure><\/div>\n\n\n\n<div class=\"wp-block-uagb-image aligncenter uagb-block-64e5b3d3 wp-block-uagb-image--layout-default wp-block-uagb-image--effect-static wp-block-uagb-image--align-center\"><figure class=\"wp-block-uagb-image__figure\"><img decoding=\"async\" srcset=\"https:\/\/lawbetween.com\/wp-content\/uploads\/2025\/03\/logosm.png ,https:\/\/lawbetween.com\/wp-content\/uploads\/2025\/03\/logosm.png 780w, https:\/\/lawbetween.com\/wp-content\/uploads\/2025\/03\/logosm.png 360w\" sizes=\"auto, (max-width: 480px) 150px\" src=\"https:\/\/lawbetween.com\/wp-content\/uploads\/2025\/03\/logosm.png\" alt=\"\" class=\"uag-image-2411\" width=\"161\" height=\"90\" title=\"logosm\" loading=\"lazy\" role=\"img\"\/><\/figure><\/div>\n\n\n\n<div class=\"wp-block-uagb-image aligncenter uagb-block-3ab640e1 wp-block-uagb-image--layout-default wp-block-uagb-image--effect-static wp-block-uagb-image--align-center\"><figure class=\"wp-block-uagb-image__figure\"><img decoding=\"async\" srcset=\"https:\/\/lawbetween.com\/wp-content\/uploads\/2025\/03\/logomin-1-300x52.png ,https:\/\/lawbetween.com\/wp-content\/uploads\/2025\/03\/logomin-1.png 780w, https:\/\/lawbetween.com\/wp-content\/uploads\/2025\/03\/logomin-1.png 360w\" sizes=\"auto, (max-width: 480px) 150px\" src=\"https:\/\/lawbetween.com\/wp-content\/uploads\/2025\/03\/logomin-1-300x52.png\" alt=\"\" class=\"uag-image-2412\" width=\"300\" height=\"52\" title=\"logomino\" loading=\"lazy\" role=\"img\"\/><\/figure><\/div>\n\n\n\n<div class=\"wp-block-uagb-image uagb-block-a99a654c wp-block-uagb-image--layout-default wp-block-uagb-image--effect-static wp-block-uagb-image--align-none\"><figure class=\"wp-block-uagb-image__figure\"><img decoding=\"async\" srcset=\"https:\/\/lawbetween.com\/wp-content\/uploads\/2025\/03\/logo1.jpg ,https:\/\/lawbetween.com\/wp-content\/uploads\/2025\/03\/logo1.jpg 780w, https:\/\/lawbetween.com\/wp-content\/uploads\/2025\/03\/logo1.jpg 360w\" sizes=\"auto, (max-width: 480px) 150px\" src=\"https:\/\/lawbetween.com\/wp-content\/uploads\/2025\/03\/logo1.jpg\" alt=\"\" class=\"uag-image-2413\" width=\"190\" height=\"55\" title=\"logo1\" loading=\"lazy\" role=\"img\"\/><\/figure><\/div>\n<\/div>\n<\/div><\/div>\n\n\n\n<div class=\"wp-block-uagb-container uagb-block-d0290fb1 alignfull uagb-is-root-container\"><div class=\"uagb-container-inner-blocks-wrap\">\n<div class=\"wp-block-uagb-info-box uagb-block-43642cab uagb-infobox__content-wrap  uagb-infobox-icon-above-title uagb-infobox-image-valign-top wp-block-uagb-info-box--has-margin popmake-2466\"><div class=\"uagb-infobox-margin-wrapper\"><div class=\"uagb-ifb-content\"><div class=\"uagb-ifb-title-wrap\"><h2 class=\"uagb-ifb-title\">Vi aiutiamo a risolvere i vostri problemi legali<\/h2><\/div><p class=\"uagb-ifb-desc\">Cliccate per raccontarci il vostro caso.<\/p><div class=\"uagb-ifb-button-wrapper wp-block-button\"><a href=\"#\" class=\"uagb-infobox-cta-link wp-block-button__link\" target=\"_self\" rel=\"noopener noreferrer\" onclick=\"return false;\"><span class=\"uagb-inline-editing\">Ottenere un appuntamento<\/span><\/a><\/div><\/div><\/div><\/div>\n<\/div><\/div>","protected":false},"excerpt":{"rendered":"<p>Lawyer feesWe provide following ways of agency:General agency: One-time payment, arranged until the case is settledRisk agency: Small amount of advance payment, and rest part will be charged based on the proportion of the collected payment from the other party. Litigation costsInclude case acceptance fees, application fees, and preservation fees.\u00b7 Case acceptance fee: 0.5% to [&hellip;]<\/p>","protected":false},"author":1,"featured_media":0,"parent":0,"menu_order":0,"comment_status":"closed","ping_status":"closed","template":"","meta":{"om_disable_all_campaigns":false,"_uag_custom_page_level_css":"","site-sidebar-layout":"no-sidebar","site-content-layout":"plain-container","ast-site-content-layout":"normal-width-container","site-content-style":"unboxed","site-sidebar-style":"unboxed","ast-global-header-display":"","ast-banner-title-visibility":"","ast-main-header-display":"","ast-hfb-above-header-display":"","ast-hfb-below-header-display":"","ast-hfb-mobile-header-display":"","site-post-title":"disabled","ast-breadcrumbs-content":"","ast-featured-img":"disabled","footer-sml-layout":"","theme-transparent-header-meta":"enabled","adv-header-id-meta":"","stick-header-meta":"","header-above-stick-meta":"","header-main-stick-meta":"","header-below-stick-meta":"","astra-migrate-meta-layouts":"set","ast-page-background-enabled":"default","ast-page-background-meta":{"desktop":{"background-color":"var(--ast-global-color-4)","background-image":"","background-repeat":"repeat","background-position":"center center","background-size":"auto","background-attachment":"scroll","background-type":"","background-media":"","overlay-type":"","overlay-color":"","overlay-opacity":"","overlay-gradient":""},"tablet":{"background-color":"","background-image":"","background-repeat":"repeat","background-position":"center center","background-size":"auto","background-attachment":"scroll","background-type":"","background-media":"","overlay-type":"","overlay-color":"","overlay-opacity":"","overlay-gradient":""},"mobile":{"background-color":"","background-image":"","background-repeat":"repeat","background-position":"center center","background-size":"auto","background-attachment":"scroll","background-type":"","background-media":"","overlay-type":"","overlay-color":"","overlay-opacity":"","overlay-gradient":""}},"ast-content-background-meta":{"desktop":{"background-color":"var(--ast-global-color-5)","background-image":"","background-repeat":"repeat","background-position":"center center","background-size":"auto","background-attachment":"scroll","background-type":"","background-media":"","overlay-type":"","overlay-color":"","overlay-opacity":"","overlay-gradient":""},"tablet":{"background-color":"var(--ast-global-color-5)","background-image":"","background-repeat":"repeat","background-position":"center center","background-size":"auto","background-attachment":"scroll","background-type":"","background-media":"","overlay-type":"","overlay-color":"","overlay-opacity":"","overlay-gradient":""},"mobile":{"background-color":"var(--ast-global-color-5)","background-image":"","background-repeat":"repeat","background-position":"center center","background-size":"auto","background-attachment":"scroll","background-type":"","background-media":"","overlay-type":"","overlay-color":"","overlay-opacity":"","overlay-gradient":""}},"footnotes":""},"class_list":["post-834","page","type-page","status-publish","hentry"],"aioseo_notices":[],"uagb_featured_image_src":{"full":false,"thumbnail":false,"medium":false,"medium_large":false,"large":false,"1536x1536":false,"2048x2048":false,"trp-custom-language-flag":false},"uagb_author_info":{"display_name":"markushy919@gmail.com","author_link":"https:\/\/lawbetween.com\/it\/author\/markushy919gmail-com\/"},"uagb_comment_info":0,"uagb_excerpt":"Lawyer feesWe provide following ways of agency:General agency: One-time payment, arranged until the case is settledRisk agency: Small amount of advance payment, and rest part will be charged based on the proportion of the collected payment from the other party. Litigation costsInclude case acceptance fees, application fees, and preservation fees.\u00b7 Case acceptance fee: 0.5% to&hellip;","_links":{"self":[{"href":"https:\/\/lawbetween.com\/it\/wp-json\/wp\/v2\/pages\/834","targetHints":{"allow":["GET"]}}],"collection":[{"href":"https:\/\/lawbetween.com\/it\/wp-json\/wp\/v2\/pages"}],"about":[{"href":"https:\/\/lawbetween.com\/it\/wp-json\/wp\/v2\/types\/page"}],"author":[{"embeddable":true,"href":"https:\/\/lawbetween.com\/it\/wp-json\/wp\/v2\/users\/1"}],"replies":[{"embeddable":true,"href":"https:\/\/lawbetween.com\/it\/wp-json\/wp\/v2\/comments?post=834"}],"version-history":[{"count":22,"href":"https:\/\/lawbetween.com\/it\/wp-json\/wp\/v2\/pages\/834\/revisions"}],"predecessor-version":[{"id":2488,"href":"https:\/\/lawbetween.com\/it\/wp-json\/wp\/v2\/pages\/834\/revisions\/2488"}],"wp:attachment":[{"href":"https:\/\/lawbetween.com\/it\/wp-json\/wp\/v2\/media?parent=834"}],"curies":[{"name":"wp","href":"https:\/\/api.w.org\/{rel}","templated":true}]}}