{"id":833,"date":"2025-02-13T01:32:58","date_gmt":"2025-02-13T01:32:58","guid":{"rendered":"https:\/\/lawbetween.com\/home\/"},"modified":"2025-07-08T07:40:27","modified_gmt":"2025-07-08T07:40:27","slug":"home","status":"publish","type":"page","link":"https:\/\/lawbetween.com\/fr\/","title":{"rendered":"Accueil"},"content":{"rendered":"<div class=\"wp-block-uagb-container uagb-block-fe83ce66 alignfull uagb-is-root-container\"><div class=\"uagb-container-inner-blocks-wrap\">\n<div class=\"wp-block-uagb-info-box uagb-block-701661e2 uagb-infobox__content-wrap  uagb-infobox-icon-above-title uagb-infobox-image-valign-top wp-block-uagb-info-box--has-margin\"><div class=\"uagb-infobox-margin-wrapper\"><div class=\"uagb-ifb-content\"><div class=\"uagb-ifb-title-wrap\"><span class=\"uagb-ifb-title-prefix\">Jiangsu Guangya Law Firm<\/span><h1 class=\"uagb-ifb-title\">Chef de file de confiance<br>Affaires civiles et commerciales <br>Cabinet d'avocats en Chine<\/h1><\/div><p class=\"uagb-ifb-desc\">Depuis 1988, nous consacrons 36 ans \u00e0 la protection de vos droits et int\u00e9r\u00eats l\u00e9gitimes entre les nations.<\/p><\/div><\/div><\/div>\n\n\n\n<div class=\"wp-block-uagb-container popmake-2466 uagb-block-23ac9a3e\">\n<div class=\"wp-block-uagb-buttons uagb-buttons__outer-wrap uagb-btn__default-btn uagb-btn-tablet__default-btn uagb-btn-mobile__default-btn uagb-block-4dbe0241\"><div class=\"uagb-buttons__wrap uagb-buttons-layout-wrap\">\n<div class=\"wp-block-uagb-buttons-child uagb-buttons__outer-wrap uagb-block-aeeca003 wp-block-button\"><div class=\"uagb-button__wrapper\"><a class=\"uagb-buttons-repeater wp-block-button__link\" aria-label=\"\" href=\"#\" rel=\"follow noopener\" target=\"_self\" role=\"button\"><div class=\"uagb-button__link\">Faites-nous part de votre cas<\/div><\/a><\/div><\/div>\n<\/div><\/div>\n<\/div>\n<\/div><\/div>\n\n\n\n<div class=\"wp-block-uagb-container uagb-block-ef2d6986 alignfull uagb-is-root-container\"><div class=\"uagb-container-inner-blocks-wrap\">\n<div class=\"wp-block-uagb-container uagb-block-18a32e49\">\n<div class=\"wp-block-uagb-info-box uagb-block-624a8694 uagb-infobox__content-wrap  uagb-infobox-icon-above-title uagb-infobox-image-valign-top wp-block-uagb-info-box--has-margin\"><div class=\"uagb-infobox-margin-wrapper\"><div class=\"uagb-ifb-content\"><div class=\"uagb-ifb-separator\"><\/div><div class=\"uagb-ifb-title-wrap\"><h2 class=\"uagb-ifb-title-prefix\">\u00c0 propos de nous<\/h2><h6 class=\"uagb-ifb-title\">Jiangsu Guangya Law Firm<\/h6><\/div><p class=\"uagb-ifb-desc\">Le cabinet d'avocats Jiangsu Guangya (anciennement connu sous le nom de Xuzhou International Business &amp; Economic Law Firm) a \u00e9t\u00e9 fond\u00e9 en 1988 dans la ville de Xuzhou, en tant que cabinet d'avocats leader en Chine.<br>Nous sommes l'un des premiers cabinets d'avocats coop\u00e9ratifs \u00e9tablis dans la zone \u00e9conomique de Huaihai. Nous sommes sp\u00e9cialis\u00e9s dans le traitement des litiges civils et commerciaux dans les \u00e9changes internationaux. Nous acceptons votre commission et traitons les litiges juridiques en Chine.<\/p><\/div><\/div><\/div>\n\n\n\n<div class=\"wp-block-uagb-container uagb-block-c41fdd7f\">\n<div class=\"wp-block-uagb-advanced-heading uagb-block-4296d5e8\"><h4 class=\"uagb-heading-text\">Consultation gratuite<\/h4><p class=\"uagb-desc-text\">Chaque client b\u00e9n\u00e9ficie de 30 minutes de consultation gratuite en ligne ou d'une r\u00e9ponse par email lors de la premi\u00e8re demande.<\/p><\/div>\n\n\n\n<div class=\"wp-block-uagb-advanced-heading uagb-block-89ecfce8\"><h4 class=\"uagb-heading-text\">R\u00e9ponse rapide<\/h4><p class=\"uagb-desc-text\">Nous disposons d'une \u00e9quipe de 30 juristes disponibles pour r\u00e9pondre \u00e0 vos demandes \u00e0 tout moment.<\/p><\/div>\n<\/div>\n\n\n\n<div class=\"wp-block-uagb-buttons uagb-buttons__outer-wrap uagb-btn__default-btn uagb-btn-tablet__default-btn uagb-btn-mobile__default-btn uagb-block-33e45f63\"><div class=\"uagb-buttons__wrap uagb-buttons-layout-wrap\">\n<div class=\"wp-block-uagb-buttons-child uagb-buttons__outer-wrap uagb-block-c36cc905 wp-block-button is-style-outline\"><div class=\"uagb-button__wrapper\"><a class=\"uagb-buttons-repeater wp-block-button__link\" aria-label=\"\" href=\"\/fr\/a-propos-de-nous\/\" rel=\"follow noopener\" target=\"_self\" role=\"button\"><div class=\"uagb-button__link\">En savoir plus<\/div><\/a><\/div><\/div>\n<\/div><\/div>\n<\/div>\n\n\n\n<div class=\"wp-block-uagb-container uagb-block-fab8ac2b\">\n<div class=\"wp-block-uagb-image alignright uagb-block-1906db38 wp-block-uagb-image--layout-default wp-block-uagb-image--effect-static wp-block-uagb-image--align-right\"><figure class=\"wp-block-uagb-image__figure\"><img decoding=\"async\" srcset=\"https:\/\/lawbetween.com\/wp-content\/uploads\/2025\/02\/china-lawyer-682x1024.jpg ,https:\/\/lawbetween.com\/wp-content\/uploads\/2025\/02\/china-lawyer.jpg 780w, https:\/\/lawbetween.com\/wp-content\/uploads\/2025\/02\/china-lawyer.jpg 360w\" sizes=\"auto, (max-width: 480px) 150px\" src=\"https:\/\/lawbetween.com\/wp-content\/uploads\/2025\/02\/china-lawyer-682x1024.jpg\" alt=\"\" class=\"uag-image-2293\" width=\"394\" height=\"592\" title=\"avocat chinois\" loading=\"lazy\" role=\"img\"\/><\/figure><\/div>\n<\/div>\n<\/div><\/div>\n\n\n\n<div class=\"wp-block-uagb-container uagb-block-78a96351 alignfull uagb-is-root-container\"><div class=\"uagb-container-inner-blocks-wrap\">\n<div class=\"wp-block-group is-nowrap is-layout-flex wp-container-core-group-is-layout-6c531013 wp-block-group-is-layout-flex\">\n<div class=\"wp-block-uagb-info-box uagb-block-921f29e6 uagb-infobox__content-wrap  uagb-infobox-icon-above-title uagb-infobox-image-valign-top wp-block-uagb-info-box--has-margin\"><div class=\"uagb-infobox-margin-wrapper\"><div class=\"uagb-ifb-content\"><div class=\"uagb-ifb-title-wrap\"><div class=\"uagb-ifb-separator\"><\/div><h2 class=\"uagb-ifb-title\">Domaines d'activit\u00e9<\/h2><\/div><\/div><\/div><\/div>\n<\/div>\n\n\n\n<div class=\"wp-block-uagb-container uagb-layout-grid uagb-block-e4b657a0\">\n<div class=\"wp-block-uagb-container uagb-block-3d87d3e6\">\n<div class=\"wp-block-uagb-info-box uagb-block-4801c2ad uagb-infobox__content-wrap  uagb-infobox-icon-above-title uagb-infobox-image-valign-top wp-block-uagb-info-box--has-margin\"><div class=\"uagb-infobox-margin-wrapper\"><div class=\"uagb-ifb-content\"><div class=\"uagb-ifb-title-wrap\"><h4 class=\"uagb-ifb-title\">Diff\u00e9rends commerciaux internationaux<\/h4><\/div><p class=\"uagb-ifb-desc\">- Rupture de contrat<br>- Arbitrage international<br>- Diff\u00e9rend commercial<br>- Escroquerie commerciale et fraude<\/p><\/div><\/div><\/div>\n<\/div>\n\n\n\n<div class=\"wp-block-uagb-container uagb-block-c91d8419\">\n<div class=\"wp-block-uagb-info-box uagb-block-95d48fe6 uagb-infobox__content-wrap  uagb-infobox-icon-above-title uagb-infobox-image-valign-top wp-block-uagb-info-box--has-margin\"><div class=\"uagb-infobox-margin-wrapper\"><div class=\"uagb-ifb-content\"><div class=\"uagb-ifb-title-wrap\"><h4 class=\"uagb-ifb-title\">Cour et proc\u00e8s en Chine<\/h4><\/div><p class=\"uagb-ifb-desc\">- Poursuivre devant un tribunal chinois<br>- Lettre de mise en demeure<br>- Litiges\/arbitrage<br>- Ex\u00e9cution du jugement<\/p><\/div><\/div><\/div>\n<\/div>\n\n\n\n<div class=\"wp-block-uagb-container uagb-block-76e77e4f\">\n<div class=\"wp-block-uagb-info-box uagb-block-04cb2e6e uagb-infobox__content-wrap  uagb-infobox-icon-above-title uagb-infobox-image-valign-top wp-block-uagb-info-box--has-margin\"><div class=\"uagb-infobox-margin-wrapper\"><div class=\"uagb-ifb-content\"><div class=\"uagb-ifb-title-wrap\"><h4 class=\"uagb-ifb-title\">Propri\u00e9t\u00e9 intellectuelle<\/h4><\/div><p class=\"uagb-ifb-desc\">- Violation des droits d'auteur et proc\u00e8s<br>- Licences de marques et redevances<br>- Diff\u00e9rend sur le commerce des crypto-monnaies<\/p><\/div><\/div><\/div>\n<\/div>\n\n\n\n<div class=\"wp-block-uagb-container uagb-block-8af44440\">\n<div class=\"wp-block-uagb-info-box uagb-block-c2dac920 uagb-infobox__content-wrap  uagb-infobox-icon-above-title uagb-infobox-image-valign-top wp-block-uagb-info-box--has-margin\"><div class=\"uagb-infobox-margin-wrapper\"><div class=\"uagb-ifb-content\"><div class=\"uagb-ifb-title-wrap\"><h4 class=\"uagb-ifb-title\"><strong>Constitution de la soci\u00e9t\u00e9<\/strong><\/h4><\/div><p class=\"uagb-ifb-desc\">- Cr\u00e9ation d'une soci\u00e9t\u00e9 en Chine<br>- D\u00e9claration annuelle et conformit\u00e9 fiscale<br>- Licence d'import-export<br>- Adresse du registre virtuel<\/p><\/div><\/div><\/div>\n<\/div>\n\n\n\n<div class=\"wp-block-uagb-container uagb-block-717543d0\">\n<div class=\"wp-block-uagb-info-box uagb-block-a7f1b025 uagb-infobox__content-wrap  uagb-infobox-icon-above-title uagb-infobox-image-valign-top wp-block-uagb-info-box--has-margin\"><div class=\"uagb-infobox-margin-wrapper\"><div class=\"uagb-ifb-content\"><div class=\"uagb-ifb-title-wrap\"><h4 class=\"uagb-ifb-title\">Diligence raisonnable et enqu\u00eate<\/h4><\/div><p class=\"uagb-ifb-desc\">- \u00c9valuation des partenaires chinois<br>- Recherche de documents juridiques et commerciaux<br>- Enqu\u00eate sur la structure de l'actionnariat<br>- Diligence pr\u00e9alable au contentieux<\/p><\/div><\/div><\/div>\n<\/div>\n\n\n\n<div class=\"wp-block-uagb-container uagb-block-27acd0bf\">\n<div class=\"wp-block-uagb-info-box uagb-block-6fb4fbdb uagb-infobox__content-wrap  uagb-infobox-icon-above-title uagb-infobox-image-valign-top wp-block-uagb-info-box--has-margin\"><div class=\"uagb-infobox-margin-wrapper\"><div class=\"uagb-ifb-content\"><div class=\"uagb-ifb-title-wrap\"><h4 class=\"uagb-ifb-title\">Droit de l'emploi et du travail<\/h4><\/div><p class=\"uagb-ifb-desc\">- Licenciement injustifi\u00e9 et ill\u00e9gal<br>- Licenciement d'un employ\u00e9<br>- Licenciement Indemnit\u00e9 de d\u00e9part<br>- Droit du travail et conformit\u00e9 en Chine<\/p><\/div><\/div><\/div>\n<\/div>\n<\/div>\n<\/div><\/div>\n\n\n\n<div class=\"wp-block-uagb-container uagb-block-9ac580b3 alignfull uagb-is-root-container\"><div class=\"uagb-container-inner-blocks-wrap\">\n<div class=\"wp-block-uagb-info-box uagb-block-bc876f4e uagb-infobox__content-wrap  uagb-infobox-icon-above-title uagb-infobox-image-valign-top\"><div class=\"uagb-ifb-content\"><div class=\"uagb-ifb-title-wrap\"><div class=\"uagb-ifb-separator\"><\/div><h2 class=\"uagb-ifb-title\">Avocats sp\u00e9cialis\u00e9s dans les affaires \u00e9trang\u00e8res<\/h2><\/div><p class=\"uagb-ifb-desc\">Nous disposons d'une \u00e9quipe sp\u00e9cialis\u00e9e dans les affaires juridiques internationales.<\/p><\/div><\/div>\n\n\n\n<div class=\"wp-block-uagb-testimonial uagb-slick-carousel uagb-tm__arrow-outside uagb-block-6718545d uagb-post__carousel_notset\"><div class=\"is-carousel uagb-tm__columns-3 uagb-tm__items\"><div class=\"uagb-testimonial__wrap  uagb-tm__imgicon-style-circle uagb-tm__image-position-top uagb-tm__bg-type-color\"><div class=\"uagb-tm__content\"><div class=\"uagb-tm__overlay\"><\/div><div class=\"uagb-tm__image-content\"><div class=\"uagb-tm__image\"><img decoding=\"async\" class=\"uagb-tm-img-src\" src=\"https:\/\/lawbetween.com\/wp-content\/uploads\/2025\/02\/\u5468\u539a\u7545.png\" alt=\"\" width=\"153\" height=\"153\" loading=\"lazy\"\/><\/div><\/div><div class=\"uagb-tm__text-wrap\"><div class=\"uagb-tm__desc\">Diff\u00e9rends commerciaux internationaux<br>Affaires commerciales<\/div><div class=\"uagb-tm__meta-inner\"><div class=\"uagb-testimonial-details\"><span class=\"uagb-tm__author-name\">Marcus Zhou<\/span><span class=\"uagb-tm__company\">Commercial<\/span><\/div><\/div><\/div><\/div><\/div><div class=\"uagb-testimonial__wrap  uagb-tm__imgicon-style-circle uagb-tm__image-position-top uagb-tm__bg-type-color\"><div class=\"uagb-tm__content\"><div class=\"uagb-tm__overlay\"><\/div><div class=\"uagb-tm__image-content\"><div class=\"uagb-tm__image\"><img decoding=\"async\" class=\"uagb-tm-img-src\" src=\"https:\/\/lawbetween.com\/wp-content\/uploads\/2025\/02\/bohn.png\" alt=\"\" width=\"153\" height=\"153\" loading=\"lazy\"\/><\/div><\/div><div class=\"uagb-tm__text-wrap\"><div class=\"uagb-tm__desc\">Chine Poursuite judiciaire<br>Ex\u00e9cution du jugement<\/div><div class=\"uagb-tm__meta-inner\"><div class=\"uagb-testimonial-details\"><span class=\"uagb-tm__author-name\">Bohan Zhao<\/span><span class=\"uagb-tm__company\">Poursuite judiciaire<\/span><\/div><\/div><\/div><\/div><\/div><div class=\"uagb-testimonial__wrap  uagb-tm__imgicon-style-circle uagb-tm__image-position-top uagb-tm__bg-type-color\"><div class=\"uagb-tm__content\"><div class=\"uagb-tm__overlay\"><\/div><div class=\"uagb-tm__image-content\"><div class=\"uagb-tm__image\"><img decoding=\"async\" class=\"uagb-tm-img-src\" src=\"https:\/\/lawbetween.com\/wp-content\/uploads\/2025\/02\/hanwe.png\" alt=\"\" width=\"153\" height=\"153\" loading=\"lazy\"\/><\/div><\/div><div class=\"uagb-tm__text-wrap\"><div class=\"uagb-tm__desc\">Expert en droit du travail<br>Emploi transfrontalier<\/div><div class=\"uagb-tm__meta-inner\"><div class=\"uagb-testimonial-details\"><span class=\"uagb-tm__author-name\">Grace Zhang<\/span><span class=\"uagb-tm__company\">Travail<\/span><\/div><\/div><\/div><\/div><\/div><\/div><\/div>\n\n\n\n<div class=\"wp-block-uagb-testimonial uagb-slick-carousel uagb-tm__arrow-outside uagb-block-736294b2 uagb-post__carousel_notset\"><div class=\"is-carousel uagb-tm__columns-3 uagb-tm__items\"><div class=\"uagb-testimonial__wrap  uagb-tm__imgicon-style-circle uagb-tm__image-position-top uagb-tm__bg-type-color\"><div class=\"uagb-tm__content\"><div class=\"uagb-tm__overlay\"><\/div><div class=\"uagb-tm__image-content\"><div class=\"uagb-tm__image\"><img decoding=\"async\" class=\"uagb-tm-img-src\" src=\"https:\/\/lawbetween.com\/wp-content\/uploads\/2025\/02\/huhu.png\" alt=\"\" width=\"153\" height=\"153\" loading=\"lazy\"\/><\/div><\/div><div class=\"uagb-tm__text-wrap\"><div class=\"uagb-tm__desc\">Mariage transfrontalier<br>Gestion des biens personnels<\/div><div class=\"uagb-tm__meta-inner\"><div class=\"uagb-testimonial-details\"><span class=\"uagb-tm__author-name\">Lin Hu<\/span><span class=\"uagb-tm__company\">Civil<\/span><\/div><\/div><\/div><\/div><\/div><div class=\"uagb-testimonial__wrap  uagb-tm__imgicon-style-circle uagb-tm__image-position-top uagb-tm__bg-type-color\"><div class=\"uagb-tm__content\"><div class=\"uagb-tm__overlay\"><\/div><div class=\"uagb-tm__image-content\"><div class=\"uagb-tm__image\"><img decoding=\"async\" class=\"uagb-tm-img-src\" src=\"https:\/\/lawbetween.com\/wp-content\/uploads\/2025\/02\/qinz.png\" alt=\"\" width=\"153\" height=\"153\" loading=\"lazy\"\/><\/div><\/div><div class=\"uagb-tm__text-wrap\"><div class=\"uagb-tm__desc\">Enqu\u00eate sur le projet<br>\u00c9valuation des partenaires<\/div><div class=\"uagb-tm__meta-inner\"><div class=\"uagb-testimonial-details\"><span class=\"uagb-tm__author-name\">John Qin<\/span><span class=\"uagb-tm__company\">Investissement<\/span><\/div><\/div><\/div><\/div><\/div><div class=\"uagb-testimonial__wrap  uagb-tm__imgicon-style-circle uagb-tm__image-position-top uagb-tm__bg-type-color\"><div class=\"uagb-tm__content\"><div class=\"uagb-tm__overlay\"><\/div><div class=\"uagb-tm__image-content\"><div class=\"uagb-tm__image\"><img decoding=\"async\" class=\"uagb-tm-img-src\" src=\"https:\/\/lawbetween.com\/wp-content\/uploads\/2025\/02\/tang1.png\" alt=\"\" width=\"153\" height=\"153\" loading=\"lazy\"\/><\/div><\/div><div class=\"uagb-tm__text-wrap\"><div class=\"uagb-tm__desc\">Propri\u00e9t\u00e9 intellectuelle<br>Cas d'infraction<\/div><div class=\"uagb-tm__meta-inner\"><div class=\"uagb-testimonial-details\"><span class=\"uagb-tm__author-name\">Steve Tang<\/span><span class=\"uagb-tm__company\">Intellectuelle<\/span><\/div><\/div><\/div><\/div><\/div><\/div><\/div>\n<\/div><\/div>\n\n\n\n<div class=\"wp-block-uagb-container uagb-block-d0290fb1 alignfull uagb-is-root-container\"><div class=\"uagb-container-inner-blocks-wrap\">\n<div class=\"wp-block-uagb-info-box uagb-block-43642cab uagb-infobox__content-wrap  uagb-infobox-icon-above-title uagb-infobox-image-valign-top wp-block-uagb-info-box--has-margin\"><div class=\"uagb-infobox-margin-wrapper\"><div class=\"uagb-ifb-content\"><div class=\"uagb-ifb-title-wrap\"><h2 class=\"uagb-ifb-title\">Nous vous aidons \u00e0 r\u00e9soudre vos probl\u00e8mes juridiques<\/h2><\/div><p class=\"uagb-ifb-desc\">M\u00eame si vous ne vous trouvez pas \u00e0 l'int\u00e9rieur des fronti\u00e8res chinoises, nous pouvons vous contacter pour discuter de votre cas et traiter tous les documents n\u00e9cessaires en ligne.<\/p><\/div><\/div><\/div>\n\n\n\n<div class=\"wp-block-uagb-buttons uagb-buttons__outer-wrap uagb-btn__default-btn uagb-btn-tablet__default-btn uagb-btn-mobile__default-btn uagb-block-32cc6a21\"><div class=\"uagb-buttons__wrap uagb-buttons-layout-wrap\">\n<div class=\"wp-block-uagb-buttons-child uagb-buttons__outer-wrap uagb-block-d72c6965 wp-block-button popmake-2466\"><div class=\"uagb-button__wrapper\"><a class=\"uagb-buttons-repeater wp-block-button__link\" aria-label=\"\" href=\"#\" rel=\"follow noopener\" target=\"_self\" role=\"button\"><div class=\"uagb-button__link\">Faites-nous part de votre cas<\/div><\/a><\/div><\/div>\n<\/div><\/div>\n<\/div><\/div>\n\n\n\n<p><\/p>","protected":false},"excerpt":{"rendered":"<p>Free Consultation Each client enjoys 30 minutes free online consultation or once email anwser in first inquiry. Quick Response We have a team of 30 lawyers available to respond to your inquiries at any time.<\/p>","protected":false},"author":1,"featured_media":0,"parent":0,"menu_order":0,"comment_status":"closed","ping_status":"closed","template":"","meta":{"om_disable_all_campaigns":false,"_uag_custom_page_level_css":"","site-sidebar-layout":"no-sidebar","site-content-layout":"plain-container","ast-site-content-layout":"normal-width-container","site-content-style":"unboxed","site-sidebar-style":"unboxed","ast-global-header-display":"","ast-banner-title-visibility":"","ast-main-header-display":"","ast-hfb-above-header-display":"","ast-hfb-below-header-display":"","ast-hfb-mobile-header-display":"","site-post-title":"disabled","ast-breadcrumbs-content":"","ast-featured-img":"disabled","footer-sml-layout":"","theme-transparent-header-meta":"enabled","adv-header-id-meta":"","stick-header-meta":"","header-above-stick-meta":"","header-main-stick-meta":"","header-below-stick-meta":"","astra-migrate-meta-layouts":"set","ast-page-background-enabled":"default","ast-page-background-meta":{"desktop":{"background-color":"var(--ast-global-color-4)","background-image":"","background-repeat":"repeat","background-position":"center center","background-size":"auto","background-attachment":"scroll","background-type":"","background-media":"","overlay-type":"","overlay-color":"","overlay-opacity":"","overlay-gradient":""},"tablet":{"background-color":"","background-image":"","background-repeat":"repeat","background-position":"center center","background-size":"auto","background-attachment":"scroll","background-type":"","background-media":"","overlay-type":"","overlay-color":"","overlay-opacity":"","overlay-gradient":""},"mobile":{"background-color":"","background-image":"","background-repeat":"repeat","background-position":"center center","background-size":"auto","background-attachment":"scroll","background-type":"","background-media":"","overlay-type":"","overlay-color":"","overlay-opacity":"","overlay-gradient":""}},"ast-content-background-meta":{"desktop":{"background-color":"var(--ast-global-color-5)","background-image":"","background-repeat":"repeat","background-position":"center center","background-size":"auto","background-attachment":"scroll","background-type":"","background-media":"","overlay-type":"","overlay-color":"","overlay-opacity":"","overlay-gradient":""},"tablet":{"background-color":"var(--ast-global-color-5)","background-image":"","background-repeat":"repeat","background-position":"center center","background-size":"auto","background-attachment":"scroll","background-type":"","background-media":"","overlay-type":"","overlay-color":"","overlay-opacity":"","overlay-gradient":""},"mobile":{"background-color":"var(--ast-global-color-5)","background-image":"","background-repeat":"repeat","background-position":"center center","background-size":"auto","background-attachment":"scroll","background-type":"","background-media":"","overlay-type":"","overlay-color":"","overlay-opacity":"","overlay-gradient":""}},"footnotes":""},"class_list":["post-833","page","type-page","status-publish","hentry"],"aioseo_notices":[],"uagb_featured_image_src":{"full":false,"thumbnail":false,"medium":false,"medium_large":false,"large":false,"1536x1536":false,"2048x2048":false,"trp-custom-language-flag":false},"uagb_author_info":{"display_name":"markushy919@gmail.com","author_link":"https:\/\/lawbetween.com\/fr\/author\/markushy919gmail-com\/"},"uagb_comment_info":0,"uagb_excerpt":"Free Consultation Each client enjoys 30 minutes free online consultation or once email anwser in first inquiry. Quick Response We have a team of 30 lawyers available to respond to your inquiries at any time.","_links":{"self":[{"href":"https:\/\/lawbetween.com\/fr\/wp-json\/wp\/v2\/pages\/833","targetHints":{"allow":["GET"]}}],"collection":[{"href":"https:\/\/lawbetween.com\/fr\/wp-json\/wp\/v2\/pages"}],"about":[{"href":"https:\/\/lawbetween.com\/fr\/wp-json\/wp\/v2\/types\/page"}],"author":[{"embeddable":true,"href":"https:\/\/lawbetween.com\/fr\/wp-json\/wp\/v2\/users\/1"}],"replies":[{"embeddable":true,"href":"https:\/\/lawbetween.com\/fr\/wp-json\/wp\/v2\/comments?post=833"}],"version-history":[{"count":19,"href":"https:\/\/lawbetween.com\/fr\/wp-json\/wp\/v2\/pages\/833\/revisions"}],"predecessor-version":[{"id":2535,"href":"https:\/\/lawbetween.com\/fr\/wp-json\/wp\/v2\/pages\/833\/revisions\/2535"}],"wp:attachment":[{"href":"https:\/\/lawbetween.com\/fr\/wp-json\/wp\/v2\/media?parent=833"}],"curies":[{"name":"wp","href":"https:\/\/api.w.org\/{rel}","templated":true}]}}