{"id":833,"date":"2025-02-13T01:32:58","date_gmt":"2025-02-13T01:32:58","guid":{"rendered":"https:\/\/lawbetween.com\/home\/"},"modified":"2025-07-08T07:40:27","modified_gmt":"2025-07-08T07:40:27","slug":"home","status":"publish","type":"page","link":"https:\/\/lawbetween.com\/es\/","title":{"rendered":"Inicio"},"content":{"rendered":"<div class=\"wp-block-uagb-container uagb-block-fe83ce66 alignfull uagb-is-root-container\"><div class=\"uagb-container-inner-blocks-wrap\">\n<div class=\"wp-block-uagb-info-box uagb-block-701661e2 uagb-infobox__content-wrap  uagb-infobox-icon-above-title uagb-infobox-image-valign-top wp-block-uagb-info-box--has-margin\"><div class=\"uagb-infobox-margin-wrapper\"><div class=\"uagb-ifb-content\"><div class=\"uagb-ifb-title-wrap\"><span class=\"uagb-ifb-title-prefix\">Bufete de abogados Jiangsu Guangya<\/span><h1 class=\"uagb-ifb-title\">L\u00edder de confianza<br>Civil y Empresarial <br>Despacho de abogados en China<\/h1><\/div><p class=\"uagb-ifb-desc\">Desde 1988, dedicamos 36 a\u00f1os a proteger sus derechos e intereses leg\u00edtimos entre naciones<\/p><\/div><\/div><\/div>\n\n\n\n<div class=\"wp-block-uagb-container popmake-2466 uagb-block-23ac9a3e\">\n<div class=\"wp-block-uagb-buttons uagb-buttons__outer-wrap uagb-btn__default-btn uagb-btn-tablet__default-btn uagb-btn-mobile__default-btn uagb-block-4dbe0241\"><div class=\"uagb-buttons__wrap uagb-buttons-layout-wrap\">\n<div class=\"wp-block-uagb-buttons-child uagb-buttons__outer-wrap uagb-block-aeeca003 wp-block-button\"><div class=\"uagb-button__wrapper\"><a class=\"uagb-buttons-repeater wp-block-button__link\" aria-label=\"\" href=\"#\" rel=\"follow noopener\" target=\"_self\" role=\"button\"><div class=\"uagb-button__link\">Cu\u00e9ntenos su caso<\/div><\/a><\/div><\/div>\n<\/div><\/div>\n<\/div>\n<\/div><\/div>\n\n\n\n<div class=\"wp-block-uagb-container uagb-block-ef2d6986 alignfull uagb-is-root-container\"><div class=\"uagb-container-inner-blocks-wrap\">\n<div class=\"wp-block-uagb-container uagb-block-18a32e49\">\n<div class=\"wp-block-uagb-info-box uagb-block-624a8694 uagb-infobox__content-wrap  uagb-infobox-icon-above-title uagb-infobox-image-valign-top wp-block-uagb-info-box--has-margin\"><div class=\"uagb-infobox-margin-wrapper\"><div class=\"uagb-ifb-content\"><div class=\"uagb-ifb-separator\"><\/div><div class=\"uagb-ifb-title-wrap\"><h2 class=\"uagb-ifb-title-prefix\">Qui\u00e9nes somos<\/h2><h6 class=\"uagb-ifb-title\">Bufete de abogados Jiangsu Guangya<\/h6><\/div><p class=\"uagb-ifb-desc\">Como bufete de abogados l\u00edder en China, Jiangsu Guangya Law Firm (anteriormente conocido como Xuzhou International Business &amp; Economic Law Firm) fue fundado en 1988, con sede en la ciudad de Xuzhou.<br>Somos uno de los primeros bufetes de abogados cooperativos establecidos en la Zona Econ\u00f3mica de Huaihai, especializados en la gesti\u00f3n de litigios civiles y comerciales en el comercio internacional. Aceptar su comisi\u00f3n, manejar disputas legales en China.<\/p><\/div><\/div><\/div>\n\n\n\n<div class=\"wp-block-uagb-container uagb-block-c41fdd7f\">\n<div class=\"wp-block-uagb-advanced-heading uagb-block-4296d5e8\"><h4 class=\"uagb-heading-text\">Consulta gratuita<\/h4><p class=\"uagb-desc-text\">Cada cliente disfruta de 30 minutos de consulta en l\u00ednea gratuita o de una respuesta por correo electr\u00f3nico en la primera consulta.<\/p><\/div>\n\n\n\n<div class=\"wp-block-uagb-advanced-heading uagb-block-89ecfce8\"><h4 class=\"uagb-heading-text\">Respuesta r\u00e1pida<\/h4><p class=\"uagb-desc-text\">Contamos con un equipo de 30 abogados disponibles para responder a sus consultas en cualquier momento.<\/p><\/div>\n<\/div>\n\n\n\n<div class=\"wp-block-uagb-buttons uagb-buttons__outer-wrap uagb-btn__default-btn uagb-btn-tablet__default-btn uagb-btn-mobile__default-btn uagb-block-33e45f63\"><div class=\"uagb-buttons__wrap uagb-buttons-layout-wrap\">\n<div class=\"wp-block-uagb-buttons-child uagb-buttons__outer-wrap uagb-block-c36cc905 wp-block-button is-style-outline\"><div class=\"uagb-button__wrapper\"><a class=\"uagb-buttons-repeater wp-block-button__link\" aria-label=\"\" href=\"\/es\/acerca-de-nosotros\/\" rel=\"follow noopener\" target=\"_self\" role=\"button\"><div class=\"uagb-button__link\">M\u00e1s informaci\u00f3n<\/div><\/a><\/div><\/div>\n<\/div><\/div>\n<\/div>\n\n\n\n<div class=\"wp-block-uagb-container uagb-block-fab8ac2b\">\n<div class=\"wp-block-uagb-image alignright uagb-block-1906db38 wp-block-uagb-image--layout-default wp-block-uagb-image--effect-static wp-block-uagb-image--align-right\"><figure class=\"wp-block-uagb-image__figure\"><img decoding=\"async\" srcset=\"https:\/\/lawbetween.com\/wp-content\/uploads\/2025\/02\/china-lawyer-682x1024.jpg ,https:\/\/lawbetween.com\/wp-content\/uploads\/2025\/02\/china-lawyer.jpg 780w, https:\/\/lawbetween.com\/wp-content\/uploads\/2025\/02\/china-lawyer.jpg 360w\" sizes=\"auto, (max-width: 480px) 150px\" src=\"https:\/\/lawbetween.com\/wp-content\/uploads\/2025\/02\/china-lawyer-682x1024.jpg\" alt=\"\" class=\"uag-image-2293\" width=\"394\" height=\"592\" title=\"abogado chino\" loading=\"lazy\" role=\"img\"\/><\/figure><\/div>\n<\/div>\n<\/div><\/div>\n\n\n\n<div class=\"wp-block-uagb-container uagb-block-78a96351 alignfull uagb-is-root-container\"><div class=\"uagb-container-inner-blocks-wrap\">\n<div class=\"wp-block-group is-nowrap is-layout-flex wp-container-core-group-is-layout-6c531013 wp-block-group-is-layout-flex\">\n<div class=\"wp-block-uagb-info-box uagb-block-921f29e6 uagb-infobox__content-wrap  uagb-infobox-icon-above-title uagb-infobox-image-valign-top wp-block-uagb-info-box--has-margin\"><div class=\"uagb-infobox-margin-wrapper\"><div class=\"uagb-ifb-content\"><div class=\"uagb-ifb-title-wrap\"><div class=\"uagb-ifb-separator\"><\/div><h2 class=\"uagb-ifb-title\">\u00c1reas de pr\u00e1ctica<\/h2><\/div><\/div><\/div><\/div>\n<\/div>\n\n\n\n<div class=\"wp-block-uagb-container uagb-layout-grid uagb-block-e4b657a0\">\n<div class=\"wp-block-uagb-container uagb-block-3d87d3e6\">\n<div class=\"wp-block-uagb-info-box uagb-block-4801c2ad uagb-infobox__content-wrap  uagb-infobox-icon-above-title uagb-infobox-image-valign-top wp-block-uagb-info-box--has-margin\"><div class=\"uagb-infobox-margin-wrapper\"><div class=\"uagb-ifb-content\"><div class=\"uagb-ifb-title-wrap\"><h4 class=\"uagb-ifb-title\">Controversias comerciales internacionales<\/h4><\/div><p class=\"uagb-ifb-desc\">- Incumplimiento de contrato<br>- Arbitraje internacional<br>- Disputa comercial<br>- Estafa y fraude comercial<\/p><\/div><\/div><\/div>\n<\/div>\n\n\n\n<div class=\"wp-block-uagb-container uagb-block-c91d8419\">\n<div class=\"wp-block-uagb-info-box uagb-block-95d48fe6 uagb-infobox__content-wrap  uagb-infobox-icon-above-title uagb-infobox-image-valign-top wp-block-uagb-info-box--has-margin\"><div class=\"uagb-infobox-margin-wrapper\"><div class=\"uagb-ifb-content\"><div class=\"uagb-ifb-title-wrap\"><h4 class=\"uagb-ifb-title\">China: tribunales y litigios<\/h4><\/div><p class=\"uagb-ifb-desc\">- Demandar ante un tribunal chino<br>- Carta de reclamaci\u00f3n<br>- Litigios\/Arbitraje<br>- Ejecuci\u00f3n de sentencias<\/p><\/div><\/div><\/div>\n<\/div>\n\n\n\n<div class=\"wp-block-uagb-container uagb-block-76e77e4f\">\n<div class=\"wp-block-uagb-info-box uagb-block-04cb2e6e uagb-infobox__content-wrap  uagb-infobox-icon-above-title uagb-infobox-image-valign-top wp-block-uagb-info-box--has-margin\"><div class=\"uagb-infobox-margin-wrapper\"><div class=\"uagb-ifb-content\"><div class=\"uagb-ifb-title-wrap\"><h4 class=\"uagb-ifb-title\">Propiedad intelectual<\/h4><\/div><p class=\"uagb-ifb-desc\">- Infracci\u00f3n de derechos de autor y demandas<br>- Licencias de marca y derechos de autor<br>- Disputa sobre el comercio de criptomonedas<\/p><\/div><\/div><\/div>\n<\/div>\n\n\n\n<div class=\"wp-block-uagb-container uagb-block-8af44440\">\n<div class=\"wp-block-uagb-info-box uagb-block-c2dac920 uagb-infobox__content-wrap  uagb-infobox-icon-above-title uagb-infobox-image-valign-top wp-block-uagb-info-box--has-margin\"><div class=\"uagb-infobox-margin-wrapper\"><div class=\"uagb-ifb-content\"><div class=\"uagb-ifb-title-wrap\"><h4 class=\"uagb-ifb-title\"><strong>Constituci\u00f3n de empresas<\/strong><\/h4><\/div><p class=\"uagb-ifb-desc\">- Crear una empresa en China<br>- Declaraci\u00f3n anual y cumplimiento de las obligaciones fiscales<br>- Licencia de importaci\u00f3n y exportaci\u00f3n<br>- Direcci\u00f3n de registro virtual<\/p><\/div><\/div><\/div>\n<\/div>\n\n\n\n<div class=\"wp-block-uagb-container uagb-block-717543d0\">\n<div class=\"wp-block-uagb-info-box uagb-block-a7f1b025 uagb-infobox__content-wrap  uagb-infobox-icon-above-title uagb-infobox-image-valign-top wp-block-uagb-info-box--has-margin\"><div class=\"uagb-infobox-margin-wrapper\"><div class=\"uagb-ifb-content\"><div class=\"uagb-ifb-title-wrap\"><h4 class=\"uagb-ifb-title\">Diligencia debida e investigaci\u00f3n<\/h4><\/div><p class=\"uagb-ifb-desc\">- Evaluaci\u00f3n de socios chinos<br>- B\u00fasqueda de registros jur\u00eddicos y mercantiles<br>- Investigaci\u00f3n sobre la estructura accionarial<br>- Diligencia debida previa al litigio<\/p><\/div><\/div><\/div>\n<\/div>\n\n\n\n<div class=\"wp-block-uagb-container uagb-block-27acd0bf\">\n<div class=\"wp-block-uagb-info-box uagb-block-6fb4fbdb uagb-infobox__content-wrap  uagb-infobox-icon-above-title uagb-infobox-image-valign-top wp-block-uagb-info-box--has-margin\"><div class=\"uagb-infobox-margin-wrapper\"><div class=\"uagb-ifb-content\"><div class=\"uagb-ifb-title-wrap\"><h4 class=\"uagb-ifb-title\">Derecho laboral<\/h4><\/div><p class=\"uagb-ifb-desc\">- Despido improcedente e ilegal<br>- Despido de trabajadores<br>- Despido Indemnizaci\u00f3n por despido<br>- Derecho laboral chino y cumplimiento de la normativa<\/p><\/div><\/div><\/div>\n<\/div>\n<\/div>\n<\/div><\/div>\n\n\n\n<div class=\"wp-block-uagb-container uagb-block-9ac580b3 alignfull uagb-is-root-container\"><div class=\"uagb-container-inner-blocks-wrap\">\n<div class=\"wp-block-uagb-info-box uagb-block-bc876f4e uagb-infobox__content-wrap  uagb-infobox-icon-above-title uagb-infobox-image-valign-top\"><div class=\"uagb-ifb-content\"><div class=\"uagb-ifb-title-wrap\"><div class=\"uagb-ifb-separator\"><\/div><h2 class=\"uagb-ifb-title\">Abogados de Asuntos Exteriores<\/h2><\/div><p class=\"uagb-ifb-desc\">Contamos con un equipo especializado en asuntos jur\u00eddicos internacionales.<\/p><\/div><\/div>\n\n\n\n<div class=\"wp-block-uagb-testimonial uagb-slick-carousel uagb-tm__arrow-outside uagb-block-6718545d uagb-post__carousel_notset\"><div class=\"is-carousel uagb-tm__columns-3 uagb-tm__items\"><div class=\"uagb-testimonial__wrap  uagb-tm__imgicon-style-circle uagb-tm__image-position-top uagb-tm__bg-type-color\"><div class=\"uagb-tm__content\"><div class=\"uagb-tm__overlay\"><\/div><div class=\"uagb-tm__image-content\"><div class=\"uagb-tm__image\"><img decoding=\"async\" class=\"uagb-tm-img-src\" src=\"https:\/\/lawbetween.com\/wp-content\/uploads\/2025\/02\/\u5468\u539a\u7545.png\" alt=\"\" width=\"153\" height=\"153\" loading=\"lazy\"\/><\/div><\/div><div class=\"uagb-tm__text-wrap\"><div class=\"uagb-tm__desc\">Controversias comerciales internacionales<br>Asuntos comerciales<\/div><div class=\"uagb-tm__meta-inner\"><div class=\"uagb-testimonial-details\"><span class=\"uagb-tm__author-name\">Marcus Zhou<\/span><span class=\"uagb-tm__company\">Comercial<\/span><\/div><\/div><\/div><\/div><\/div><div class=\"uagb-testimonial__wrap  uagb-tm__imgicon-style-circle uagb-tm__image-position-top uagb-tm__bg-type-color\"><div class=\"uagb-tm__content\"><div class=\"uagb-tm__overlay\"><\/div><div class=\"uagb-tm__image-content\"><div class=\"uagb-tm__image\"><img decoding=\"async\" class=\"uagb-tm-img-src\" src=\"https:\/\/lawbetween.com\/wp-content\/uploads\/2025\/02\/bohn.png\" alt=\"\" width=\"153\" height=\"153\" loading=\"lazy\"\/><\/div><\/div><div class=\"uagb-tm__text-wrap\"><div class=\"uagb-tm__desc\">China Demanda judicial<br>Ejecuci\u00f3n de sentencias<\/div><div class=\"uagb-tm__meta-inner\"><div class=\"uagb-testimonial-details\"><span class=\"uagb-tm__author-name\">Bohan Zhao<\/span><span class=\"uagb-tm__company\">Demanda<\/span><\/div><\/div><\/div><\/div><\/div><div class=\"uagb-testimonial__wrap  uagb-tm__imgicon-style-circle uagb-tm__image-position-top uagb-tm__bg-type-color\"><div class=\"uagb-tm__content\"><div class=\"uagb-tm__overlay\"><\/div><div class=\"uagb-tm__image-content\"><div class=\"uagb-tm__image\"><img decoding=\"async\" class=\"uagb-tm-img-src\" src=\"https:\/\/lawbetween.com\/wp-content\/uploads\/2025\/02\/hanwe.png\" alt=\"\" width=\"153\" height=\"153\" loading=\"lazy\"\/><\/div><\/div><div class=\"uagb-tm__text-wrap\"><div class=\"uagb-tm__desc\">Experto en Derecho Laboral<br>Empleo transfronterizo<\/div><div class=\"uagb-tm__meta-inner\"><div class=\"uagb-testimonial-details\"><span class=\"uagb-tm__author-name\">Grace Zhang<\/span><span class=\"uagb-tm__company\">Trabajo<\/span><\/div><\/div><\/div><\/div><\/div><\/div><\/div>\n\n\n\n<div class=\"wp-block-uagb-testimonial uagb-slick-carousel uagb-tm__arrow-outside uagb-block-736294b2 uagb-post__carousel_notset\"><div class=\"is-carousel uagb-tm__columns-3 uagb-tm__items\"><div class=\"uagb-testimonial__wrap  uagb-tm__imgicon-style-circle uagb-tm__image-position-top uagb-tm__bg-type-color\"><div class=\"uagb-tm__content\"><div class=\"uagb-tm__overlay\"><\/div><div class=\"uagb-tm__image-content\"><div class=\"uagb-tm__image\"><img decoding=\"async\" class=\"uagb-tm-img-src\" src=\"https:\/\/lawbetween.com\/wp-content\/uploads\/2025\/02\/huhu.png\" alt=\"\" width=\"153\" height=\"153\" loading=\"lazy\"\/><\/div><\/div><div class=\"uagb-tm__text-wrap\"><div class=\"uagb-tm__desc\">Matrimonio transfronterizo<br>Gesti\u00f3n de bienes personales<\/div><div class=\"uagb-tm__meta-inner\"><div class=\"uagb-testimonial-details\"><span class=\"uagb-tm__author-name\">Lin Hu<\/span><span class=\"uagb-tm__company\">Civil<\/span><\/div><\/div><\/div><\/div><\/div><div class=\"uagb-testimonial__wrap  uagb-tm__imgicon-style-circle uagb-tm__image-position-top uagb-tm__bg-type-color\"><div class=\"uagb-tm__content\"><div class=\"uagb-tm__overlay\"><\/div><div class=\"uagb-tm__image-content\"><div class=\"uagb-tm__image\"><img decoding=\"async\" class=\"uagb-tm-img-src\" src=\"https:\/\/lawbetween.com\/wp-content\/uploads\/2025\/02\/qinz.png\" alt=\"\" width=\"153\" height=\"153\" loading=\"lazy\"\/><\/div><\/div><div class=\"uagb-tm__text-wrap\"><div class=\"uagb-tm__desc\">Investigaci\u00f3n de proyectos<br>Evaluaci\u00f3n de socios<\/div><div class=\"uagb-tm__meta-inner\"><div class=\"uagb-testimonial-details\"><span class=\"uagb-tm__author-name\">John Qin<\/span><span class=\"uagb-tm__company\">Inversi\u00f3n<\/span><\/div><\/div><\/div><\/div><\/div><div class=\"uagb-testimonial__wrap  uagb-tm__imgicon-style-circle uagb-tm__image-position-top uagb-tm__bg-type-color\"><div class=\"uagb-tm__content\"><div class=\"uagb-tm__overlay\"><\/div><div class=\"uagb-tm__image-content\"><div class=\"uagb-tm__image\"><img decoding=\"async\" class=\"uagb-tm-img-src\" src=\"https:\/\/lawbetween.com\/wp-content\/uploads\/2025\/02\/tang1.png\" alt=\"\" width=\"153\" height=\"153\" loading=\"lazy\"\/><\/div><\/div><div class=\"uagb-tm__text-wrap\"><div class=\"uagb-tm__desc\">Propiedad intelectual<br>Casos de infracci\u00f3n<\/div><div class=\"uagb-tm__meta-inner\"><div class=\"uagb-testimonial-details\"><span class=\"uagb-tm__author-name\">Steve Tang<\/span><span class=\"uagb-tm__company\">Intelectual<\/span><\/div><\/div><\/div><\/div><\/div><\/div><\/div>\n<\/div><\/div>\n\n\n\n<div class=\"wp-block-uagb-container uagb-block-d0290fb1 alignfull uagb-is-root-container\"><div class=\"uagb-container-inner-blocks-wrap\">\n<div class=\"wp-block-uagb-info-box uagb-block-43642cab uagb-infobox__content-wrap  uagb-infobox-icon-above-title uagb-infobox-image-valign-top wp-block-uagb-info-box--has-margin\"><div class=\"uagb-infobox-margin-wrapper\"><div class=\"uagb-ifb-content\"><div class=\"uagb-ifb-title-wrap\"><h2 class=\"uagb-ifb-title\">Le ayudamos a resolver sus problemas legales<\/h2><\/div><p class=\"uagb-ifb-desc\">Aunque no se encuentre dentro de las fronteras de China, podemos ponernos en contacto con usted para hablar de sus casos y tramitar todos los documentos necesarios en l\u00ednea.<\/p><\/div><\/div><\/div>\n\n\n\n<div class=\"wp-block-uagb-buttons uagb-buttons__outer-wrap uagb-btn__default-btn uagb-btn-tablet__default-btn uagb-btn-mobile__default-btn uagb-block-32cc6a21\"><div class=\"uagb-buttons__wrap uagb-buttons-layout-wrap\">\n<div class=\"wp-block-uagb-buttons-child uagb-buttons__outer-wrap uagb-block-d72c6965 wp-block-button popmake-2466\"><div class=\"uagb-button__wrapper\"><a class=\"uagb-buttons-repeater wp-block-button__link\" aria-label=\"\" href=\"#\" rel=\"follow noopener\" target=\"_self\" role=\"button\"><div class=\"uagb-button__link\">Cu\u00e9ntenos su caso<\/div><\/a><\/div><\/div>\n<\/div><\/div>\n<\/div><\/div>\n\n\n\n<p><\/p>","protected":false},"excerpt":{"rendered":"<p>Free Consultation Each client enjoys 30 minutes free online consultation or once email anwser in first inquiry. Quick Response We have a team of 30 lawyers available to respond to your inquiries at any time.<\/p>","protected":false},"author":1,"featured_media":0,"parent":0,"menu_order":0,"comment_status":"closed","ping_status":"closed","template":"","meta":{"om_disable_all_campaigns":false,"_uag_custom_page_level_css":"","site-sidebar-layout":"no-sidebar","site-content-layout":"plain-container","ast-site-content-layout":"normal-width-container","site-content-style":"unboxed","site-sidebar-style":"unboxed","ast-global-header-display":"","ast-banner-title-visibility":"","ast-main-header-display":"","ast-hfb-above-header-display":"","ast-hfb-below-header-display":"","ast-hfb-mobile-header-display":"","site-post-title":"disabled","ast-breadcrumbs-content":"","ast-featured-img":"disabled","footer-sml-layout":"","theme-transparent-header-meta":"enabled","adv-header-id-meta":"","stick-header-meta":"","header-above-stick-meta":"","header-main-stick-meta":"","header-below-stick-meta":"","astra-migrate-meta-layouts":"set","ast-page-background-enabled":"default","ast-page-background-meta":{"desktop":{"background-color":"var(--ast-global-color-4)","background-image":"","background-repeat":"repeat","background-position":"center center","background-size":"auto","background-attachment":"scroll","background-type":"","background-media":"","overlay-type":"","overlay-color":"","overlay-opacity":"","overlay-gradient":""},"tablet":{"background-color":"","background-image":"","background-repeat":"repeat","background-position":"center center","background-size":"auto","background-attachment":"scroll","background-type":"","background-media":"","overlay-type":"","overlay-color":"","overlay-opacity":"","overlay-gradient":""},"mobile":{"background-color":"","background-image":"","background-repeat":"repeat","background-position":"center center","background-size":"auto","background-attachment":"scroll","background-type":"","background-media":"","overlay-type":"","overlay-color":"","overlay-opacity":"","overlay-gradient":""}},"ast-content-background-meta":{"desktop":{"background-color":"var(--ast-global-color-5)","background-image":"","background-repeat":"repeat","background-position":"center center","background-size":"auto","background-attachment":"scroll","background-type":"","background-media":"","overlay-type":"","overlay-color":"","overlay-opacity":"","overlay-gradient":""},"tablet":{"background-color":"var(--ast-global-color-5)","background-image":"","background-repeat":"repeat","background-position":"center center","background-size":"auto","background-attachment":"scroll","background-type":"","background-media":"","overlay-type":"","overlay-color":"","overlay-opacity":"","overlay-gradient":""},"mobile":{"background-color":"var(--ast-global-color-5)","background-image":"","background-repeat":"repeat","background-position":"center center","background-size":"auto","background-attachment":"scroll","background-type":"","background-media":"","overlay-type":"","overlay-color":"","overlay-opacity":"","overlay-gradient":""}},"footnotes":""},"class_list":["post-833","page","type-page","status-publish","hentry"],"aioseo_notices":[],"uagb_featured_image_src":{"full":false,"thumbnail":false,"medium":false,"medium_large":false,"large":false,"1536x1536":false,"2048x2048":false,"trp-custom-language-flag":false},"uagb_author_info":{"display_name":"markushy919@gmail.com","author_link":"https:\/\/lawbetween.com\/es\/author\/markushy919gmail-com\/"},"uagb_comment_info":0,"uagb_excerpt":"Free Consultation Each client enjoys 30 minutes free online consultation or once email anwser in first inquiry. Quick Response We have a team of 30 lawyers available to respond to your inquiries at any time.","_links":{"self":[{"href":"https:\/\/lawbetween.com\/es\/wp-json\/wp\/v2\/pages\/833","targetHints":{"allow":["GET"]}}],"collection":[{"href":"https:\/\/lawbetween.com\/es\/wp-json\/wp\/v2\/pages"}],"about":[{"href":"https:\/\/lawbetween.com\/es\/wp-json\/wp\/v2\/types\/page"}],"author":[{"embeddable":true,"href":"https:\/\/lawbetween.com\/es\/wp-json\/wp\/v2\/users\/1"}],"replies":[{"embeddable":true,"href":"https:\/\/lawbetween.com\/es\/wp-json\/wp\/v2\/comments?post=833"}],"version-history":[{"count":19,"href":"https:\/\/lawbetween.com\/es\/wp-json\/wp\/v2\/pages\/833\/revisions"}],"predecessor-version":[{"id":2535,"href":"https:\/\/lawbetween.com\/es\/wp-json\/wp\/v2\/pages\/833\/revisions\/2535"}],"wp:attachment":[{"href":"https:\/\/lawbetween.com\/es\/wp-json\/wp\/v2\/media?parent=833"}],"curies":[{"name":"wp","href":"https:\/\/api.w.org\/{rel}","templated":true}]}}