{"id":10,"date":"2025-02-13T01:32:58","date_gmt":"2025-02-13T01:32:58","guid":{"rendered":"https:\/\/lawbetween.com\/contact\/"},"modified":"2025-04-09T03:52:04","modified_gmt":"2025-04-09T03:52:04","slug":"kontakt","status":"publish","type":"page","link":"https:\/\/lawbetween.com\/de\/kontakt\/","title":{"rendered":"Kontakt"},"content":{"rendered":"<div class=\"wp-block-uagb-container uagb-block-6c7acc9c alignfull uagb-is-root-container\"><div class=\"uagb-container-inner-blocks-wrap\">\n<div class=\"wp-block-group is-nowrap is-layout-flex wp-container-core-group-is-layout-6c531013 wp-block-group-is-layout-flex\">\n<div class=\"wp-block-uagb-info-box uagb-block-2bfeb886 uagb-infobox__content-wrap  uagb-infobox-icon-above-title uagb-infobox-image-valign-top wp-block-uagb-info-box--has-margin\"><div class=\"uagb-infobox-margin-wrapper\"><div class=\"uagb-ifb-content\"><div class=\"uagb-ifb-title-wrap\"><div class=\"uagb-ifb-separator\"><\/div><h1 class=\"uagb-ifb-title\">Wir bieten eine 30-min\u00fctige kostenlose Beratung<\/h1><\/div><p class=\"uagb-ifb-desc\">Sie k\u00f6nnen bei der ersten Beratung mit uns sprechen oder uns eine E-Mail schicken.<\/p><\/div><\/div><\/div>\n<\/div>\n\n\n\n<div class=\"wp-block-uagb-buttons uagb-buttons__outer-wrap uagb-btn__default-btn uagb-btn-tablet__default-btn uagb-btn-mobile__default-btn uagb-block-b2be2d76 popmake-2466\"><div class=\"uagb-buttons__wrap uagb-buttons-layout-wrap\">\n<div class=\"wp-block-uagb-buttons-child uagb-buttons__outer-wrap uagb-block-4964ccb6 wp-block-button\"><div class=\"uagb-button__wrapper\"><a class=\"uagb-buttons-repeater wp-block-button__link\" aria-label=\"\" href=\"#\" rel=\"follow noopener\" target=\"_self\" role=\"button\"><div class=\"uagb-button__link\">Hier klicken<\/div><\/a><\/div><\/div>\n<\/div><\/div>\n<\/div><\/div>\n\n\n\n<div class=\"wp-block-uagb-container uagb-block-ea618dc0 alignwide uagb-is-root-container\">\n<div class=\"wp-block-uagb-info-box uagb-block-176ea31a uagb-infobox__content-wrap  uagb-infobox-icon-above-title uagb-infobox-image-valign-top wp-block-uagb-info-box--has-margin\"><div class=\"uagb-infobox-margin-wrapper\"><div class=\"uagb-ifb-content\"><div class=\"uagb-ifb-title-wrap\"><div class=\"uagb-ifb-separator\"><\/div><h2 class=\"uagb-ifb-title\">Wie regeln wir die F\u00e4lle?<\/h2><\/div><p class=\"uagb-ifb-desc\">Unser Ziel ist es, Ihnen Arbeit zu ersparen.<br>Mit einer Checkliste, die Ihre wenigen Dokumente vorbereitet, k\u00f6nnen wir alle weiteren Prozesse abwickeln.<br><br><strong>1. Kontakt<\/strong><br>- Einfache F\u00e4lle: Wir werden innerhalb von 30 Minuten antworten<br>- In komplexen F\u00e4llen vereinbaren wir einen Termin f\u00fcr eine Online-Kommunikation.<br><strong>2. L\u00f6sung<br><\/strong>Die Anw\u00e4lte bieten grundlegende Beratung und einen ersten Plan.<br><strong>3. Deal &amp; Entrust<br><\/strong>Pr\u00fcfen Sie den Plan und treffen Sie eine Vereinbarung \u00fcber die Betrauung.<br><strong>4. Starten Sie das Verfahren<\/strong><br>Befolgen Sie die Checkliste und die individuellen Anweisungen zur Vorbereitung der erforderlichen Unterlagen.<br><strong>5. Warten Sie auf den Forderungseinzug.<\/strong><br>Der Anwalt vertritt Sie w\u00e4hrend des gesamten Prozesses, bis Sie zu Ihrem Recht kommen.<\/p><\/div><\/div><\/div>\n\n\n\n<div class=\"wp-block-uagb-info-box uagb-block-7117d3a4 uagb-infobox__content-wrap  uagb-infobox-icon-above-title uagb-infobox-image-valign-top wp-block-uagb-info-box--has-margin\"><div class=\"uagb-infobox-margin-wrapper\"><div class=\"uagb-ifb-content\"><div class=\"uagb-ifb-title-wrap\"><div class=\"uagb-ifb-separator\"><\/div><h2 class=\"uagb-ifb-title\">Betrauungsprozess<\/h2><\/div><p class=\"uagb-ifb-desc\">Wir helfen Ihnen bei der Durchsetzung Ihrer Rechte mit einem Minimum an Kosten und Aufwand. <em>\u00dcbereinkommen zur Abschaffung des Legalisationserfordernisses f\u00fcr ausl\u00e4ndische \u00f6ffentliche Urkunden<\/em> (\"Das \u00dcbereinkommen\")<br><br><strong>1. <\/strong><mark style=\"background-color:var(--ast-global-color-0)\" class=\"has-inline-color has-ast-global-color-4-color\"><a href=\"https:\/\/www.hcch.net\/en\/instruments\/conventions\/authorities1\/print1\/?cid=41\" data-type=\"link\" data-id=\"https:\/\/www.hcch.net\/en\/instruments\/conventions\/authorities1\/print1\/?cid=41\">Siehe<\/a> <\/mark>wenn Ihr Land Vertragspartei des \u00dcbereinkommens ist:<br>-Vertragspartei: <br>\u00dcberpr\u00fcfen Sie Ihre Ausweisdokumente bei Ihrem \u00f6rtlichen Notar und beantragen Sie eine Apostille.<br>- Nicht-Vertragspartei: <br>\u00dcberpr\u00fcfen Sie Ihre Ausweisdokumente bei Ihrem \u00f6rtlichen Notar und schlie\u00dfen Sie die Beglaubigung der chinesischen Botschaft in Ihrem Land ab.<br><br>2. Unterschreiben Sie online ein Auftragsdokument mit unserer Kanzlei.<br><br>3. Senden Sie uns die Identifikations- und Authentifizierungsdokumente.<\/p><\/div><\/div><\/div>\n<\/div>\n\n\n\t\t\t<div \n\t\t\tclass=\"wp-block-uagb-google-map uagb-google-map__wrap uagb-block-c6165c64\"\n\t\t\tstyle=\"\" >\n\t\t\t\t<embed\n\t\t\t\t\tclass=\"uagb-google-map__iframe\"\n\t\t\t\t\ttitle=\"Google Map for \"\n\t\t\t\t\tsrc=\"https:\/\/maps.google.com\/maps?q=%E4%B8%AD%E5%9B%BD%202%2C%20%E4%BA%91%E9%BE%99%E5%8C%BACN%20%E6%B1%9F%E8%8B%8F%E7%9C%81%20%E5%BE%90%E5%B7%9E%E5%B8%82%E6%AD%A3%E8%A5%BF%E6%96%B9%E5%90%9190%E7%B1%B3%20&#038;z=12&#038;hl=en&#038;t=m&#038;output=embed&#038;iwloc=near\"\n\t\t\t\t\twidth=\"640\"\n\t\t\t\t\theight=\"400\"\n\t\t\t\t\tloading=\"lazy\"\n\t\t\t\t><\/embed>\n\t\t\t<\/div>\n\t\t\t\n\n\n<div class=\"wp-block-uagb-container uagb-block-7cd91a23 alignfull uagb-is-root-container\"><div class=\"uagb-container-inner-blocks-wrap\">\n<div class=\"wp-block-uagb-container uagb-block-5ec73ccd\">\n<div class=\"wp-block-uagb-info-box uagb-block-5a67b573 uagb-infobox__content-wrap  uagb-infobox-icon-above-title uagb-infobox-image-valign-top\"><div class=\"uagb-ifb-content\"><div class=\"uagb-ifb-icon-wrap\"><svg xmlns=\"https:\/\/www.w3.org\/2000\/svg\" viewbox=\"0 0 512 512\"><path d=\"M447 56.25C443.5 42 430.7 31.1 416 31.1H96c-14.69 0-27.47 10-31.03 24.25L3.715 304.9C1.247 314.9 0 325.2 0 335.5v96.47c0 26.51 21.49 48 48 48h416c26.51 0 48-21.49 48-48v-96.47c0-10.32-1.247-20.6-3.715-30.61L447 56.25zM352 352H160L128 288H72.97L121 96h270l48.03 192H384L352 352z\"><\/path><\/svg><\/div><div class=\"uagb-ifb-title-wrap\"><h4 class=\"uagb-ifb-title\">E-Mail Adresse<\/h4><\/div><p class=\"uagb-ifb-desc\">info@lawbetween.com<br>support@lawbetween.com<\/p><\/div><\/div>\n<\/div>\n\n\n\n<div class=\"wp-block-uagb-container uagb-block-3ca63887\">\n<div class=\"wp-block-uagb-info-box uagb-block-485cdca9 uagb-infobox__content-wrap  uagb-infobox-icon-above-title uagb-infobox-image-valign-top\"><div class=\"uagb-ifb-content\"><div class=\"uagb-ifb-icon-wrap\"><svg xmlns=\"https:\/\/www.w3.org\/2000\/svg\" viewbox=\"0 0 512 512\"><path d=\"M511.2 387l-23.25 100.8c-3.266 14.25-15.79 24.22-30.46 24.22C205.2 512 0 306.8 0 54.5c0-14.66 9.969-27.2 24.22-30.45l100.8-23.25C139.7-2.602 154.7 5.018 160.8 18.92l46.52 108.5c5.438 12.78 1.77 27.67-8.98 36.45L144.5 207.1c33.98 69.22 90.26 125.5 159.5 159.5l44.08-53.8c8.688-10.78 23.69-14.51 36.47-8.975l108.5 46.51C506.1 357.2 514.6 372.4 511.2 387z\"><\/path><\/svg><\/div><div class=\"uagb-ifb-title-wrap\"><h4 class=\"uagb-ifb-title\">Rufnummer<br>\/ WhatsApp<\/h4><\/div><p class=\"uagb-ifb-desc\">+8615888505201<\/p><\/div><\/div>\n<\/div>\n\n\n\n<div class=\"wp-block-uagb-container uagb-block-1c80430d\">\n<div class=\"wp-block-uagb-info-box uagb-block-90b10fec uagb-infobox__content-wrap  uagb-infobox-icon-above-title uagb-infobox-image-valign-top\"><div class=\"uagb-ifb-content\"><div class=\"uagb-ifb-icon-wrap\"><svg xmlns=\"https:\/\/www.w3.org\/2000\/svg\" viewbox=\"0 0 384 512\"><path d=\"M168.3 499.2C116.1 435 0 279.4 0 192C0 85.96 85.96 0 192 0C298 0 384 85.96 384 192C384 279.4 267 435 215.7 499.2C203.4 514.5 180.6 514.5 168.3 499.2H168.3zM192 256C227.3 256 256 227.3 256 192C256 156.7 227.3 128 192 128C156.7 128 128 156.7 128 192C128 227.3 156.7 256 192 256z\"><\/path><\/svg><\/div><div class=\"uagb-ifb-title-wrap\"><h4 class=\"uagb-ifb-title\">Standort<\/h4><\/div><p class=\"uagb-ifb-desc\">Rm 168 Geb\u00e4ude 6, <br>Shimao Plaza, Xuzhou JS<\/p><\/div><\/div>\n<\/div>\n<\/div><\/div>\n\n\n\n<p><\/p>","protected":false},"excerpt":{"rendered":"","protected":false},"author":1,"featured_media":0,"parent":0,"menu_order":0,"comment_status":"closed","ping_status":"closed","template":"","meta":{"om_disable_all_campaigns":false,"_uag_custom_page_level_css":"","site-sidebar-layout":"no-sidebar","site-content-layout":"plain-container","ast-site-content-layout":"normal-width-container","site-content-style":"unboxed","site-sidebar-style":"unboxed","ast-global-header-display":"","ast-banner-title-visibility":"","ast-main-header-display":"","ast-hfb-above-header-display":"","ast-hfb-below-header-display":"","ast-hfb-mobile-header-display":"","site-post-title":"disabled","ast-breadcrumbs-content":"","ast-featured-img":"disabled","footer-sml-layout":"","theme-transparent-header-meta":"enabled","adv-header-id-meta":"","stick-header-meta":"","header-above-stick-meta":"","header-main-stick-meta":"","header-below-stick-meta":"","astra-migrate-meta-layouts":"set","ast-page-background-enabled":"default","ast-page-background-meta":{"desktop":{"background-color":"var(--ast-global-color-4)","background-image":"","background-repeat":"repeat","background-position":"center center","background-size":"auto","background-attachment":"scroll","background-type":"","background-media":"","overlay-type":"","overlay-color":"","overlay-opacity":"","overlay-gradient":""},"tablet":{"background-color":"","background-image":"","background-repeat":"repeat","background-position":"center center","background-size":"auto","background-attachment":"scroll","background-type":"","background-media":"","overlay-type":"","overlay-color":"","overlay-opacity":"","overlay-gradient":""},"mobile":{"background-color":"","background-image":"","background-repeat":"repeat","background-position":"center center","background-size":"auto","background-attachment":"scroll","background-type":"","background-media":"","overlay-type":"","overlay-color":"","overlay-opacity":"","overlay-gradient":""}},"ast-content-background-meta":{"desktop":{"background-color":"var(--ast-global-color-5)","background-image":"","background-repeat":"repeat","background-position":"center center","background-size":"auto","background-attachment":"scroll","background-type":"","background-media":"","overlay-type":"","overlay-color":"","overlay-opacity":"","overlay-gradient":""},"tablet":{"background-color":"var(--ast-global-color-5)","background-image":"","background-repeat":"repeat","background-position":"center center","background-size":"auto","background-attachment":"scroll","background-type":"","background-media":"","overlay-type":"","overlay-color":"","overlay-opacity":"","overlay-gradient":""},"mobile":{"background-color":"var(--ast-global-color-5)","background-image":"","background-repeat":"repeat","background-position":"center center","background-size":"auto","background-attachment":"scroll","background-type":"","background-media":"","overlay-type":"","overlay-color":"","overlay-opacity":"","overlay-gradient":""}},"footnotes":""},"class_list":["post-10","page","type-page","status-publish","hentry"],"aioseo_notices":[],"uagb_featured_image_src":{"full":false,"thumbnail":false,"medium":false,"medium_large":false,"large":false,"1536x1536":false,"2048x2048":false,"trp-custom-language-flag":false},"uagb_author_info":{"display_name":"markushy919@gmail.com","author_link":"https:\/\/lawbetween.com\/de\/author\/markushy919gmail-com\/"},"uagb_comment_info":0,"uagb_excerpt":null,"_links":{"self":[{"href":"https:\/\/lawbetween.com\/de\/wp-json\/wp\/v2\/pages\/10","targetHints":{"allow":["GET"]}}],"collection":[{"href":"https:\/\/lawbetween.com\/de\/wp-json\/wp\/v2\/pages"}],"about":[{"href":"https:\/\/lawbetween.com\/de\/wp-json\/wp\/v2\/types\/page"}],"author":[{"embeddable":true,"href":"https:\/\/lawbetween.com\/de\/wp-json\/wp\/v2\/users\/1"}],"replies":[{"embeddable":true,"href":"https:\/\/lawbetween.com\/de\/wp-json\/wp\/v2\/comments?post=10"}],"version-history":[{"count":16,"href":"https:\/\/lawbetween.com\/de\/wp-json\/wp\/v2\/pages\/10\/revisions"}],"predecessor-version":[{"id":2490,"href":"https:\/\/lawbetween.com\/de\/wp-json\/wp\/v2\/pages\/10\/revisions\/2490"}],"wp:attachment":[{"href":"https:\/\/lawbetween.com\/de\/wp-json\/wp\/v2\/media?parent=10"}],"curies":[{"name":"wp","href":"https:\/\/api.w.org\/{rel}","templated":true}]}}